{"id":22,"date":"2021-07-16T09:26:16","date_gmt":"2021-07-16T09:26:16","guid":{"rendered":"http:\/\/piafstat.de\/?page_id=22"},"modified":"2025-12-19T08:13:20","modified_gmt":"2025-12-19T08:13:20","slug":"download","status":"publish","type":"page","link":"https:\/\/piafstat.de\/?page_id=22","title":{"rendered":"Download"},"content":{"rendered":"\n<p>Hier finden Sie die aktuellen Updates des Programms PIAFStat und der Standardverfahren zur Planung und Auswertung von landwirtschaftlichen Versuchen. <\/p>\n\n\n\n<h2 class=\"wp-block-heading\" id=\"piafstat-programm-fur-windows\">PIAFStat &#8211; Programm f\u00fcr Windows<\/h2>\n\n\n\n<figure class=\"wp-block-table is-style-regular\"><table><thead><tr><th>Produkt<\/th><th class=\"has-text-align-left\" data-align=\"left\">Version<\/th><th class=\"has-text-align-left\" data-align=\"left\">Datum<\/th><th>Beschreibung<\/th><\/tr><\/thead><tbody><tr><td><a href=\"http:\/\/piafstat.de\/wp-content\/uploads\/2025\/12\/piafstat.zip\">PIAFStat<\/a><\/td><td class=\"has-text-align-left\" data-align=\"left\">8.03<\/td><td class=\"has-text-align-left\" data-align=\"left\">22.10.2025<\/td><td>Datenanalyse landwirtschaftlicher Versuche<\/td><\/tr><\/tbody><\/table><figcaption class=\"wp-element-caption\"><strong>Hinweis zum Update von PIAFStat<\/strong>: Stellen Sie sicher, dass mindestens die PIAFStat-Version 7.00 auf Ihrem PC installiert ist. Kopieren Sie die extrahierten Dateien des Zip-Archivs  in das Programmverzeichnis von PIAFStat. Lesen Sie bitte die Datei &#8222;Updateinfo.txt&#8220;.<\/figcaption><\/figure>\n\n\n\n<h2 class=\"wp-block-heading\" id=\"verfahrensbibliotheken\">Verfahrensbibliotheken<\/h2>\n\n\n\n<p>Die Verfahren wurden von PIAFStat-Nutzern bereitgestellt und sind kompatibel mit PIAFStat ab Version 6.05. Extrahieren Sie das heruntergeladene Zip-Archiv und importieren Sie die Verfahren und Funktionen in PIAFStat. <\/p>\n\n\n\n<p><strong>Hinweis:<\/strong> Die Verfahren ben\u00f6tigen die <strong>englische SAS Konfiguration<\/strong>. Dazu ist in den PIAFStat-Optionen auf dem Reiter &#8218;SAS&#8216; in dem Feld &#8218;Zus\u00e4tzliche Parameter&#8216; der Verweis zur englischen SAS Konfiguration einzugeben: -CONFIG &#8222;C:\\Program Files\\SASHome\\SASFoundation\\9.4\\nls\\en\\sasv9.cfg&#8220;. Detaillierte Informationen zur englischen Konfiguration finden Sie <a href=\"http:\/\/piafstat.de\/wp-content\/uploads\/2021\/07\/SAS-Konfiguration-und-PIAFStat.pdf\">hier als PDF<\/a>. <\/p>\n\n\n\n<h3 class=\"wp-block-heading\" id=\"planung\">Planung<\/h3>\n\n\n\n<figure class=\"wp-block-table is-style-regular\"><table><thead><tr><th>Bibliothek<\/th><th>Datum<\/th><th>Info<\/th><th>Beschreibung<\/th><\/tr><\/thead><tbody><tr><td><a href=\"http:\/\/piafstat.de\/wp-content\/uploads\/2024\/03\/design.zip\">Versuchsplanung<\/a><\/td><td>27.02.2024<\/td><td><a href=\"http:\/\/piafstat.de\/wp-content\/uploads\/2024\/03\/design.pdf\">PD<\/a><a href=\"https:\/\/piafstat.de\/wp-content\/uploads\/2023\/04\/design.pdf\">F<\/a><\/td><td>DESIGN (Versuchsdesign und Randomisation)<br>DESIGN LUECKE (Design Teilsortimente und L\u00fccken)<br>DESIGN SPALTANL (Design zweifaktorielle Spaltanlagen)<\/td><\/tr><\/tbody><\/table><\/figure>\n\n\n\n<h3 class=\"wp-block-heading\" id=\"einzelversuchsauswertung\">Einzelversuchsauswertung<\/h3>\n\n\n\n<figure class=\"wp-block-table is-style-regular\"><table><thead><tr><th>Bibliothek<\/th><th>Datum<\/th><th>Info<\/th><th>Beschreibung<\/th><\/tr><\/thead><tbody><tr><td><a href=\"https:\/\/piafstat.de\/wp-content\/uploads\/2021\/07\/evazva.zip\">Versuchsauswertung<\/a><\/td><td>19.06.2020<\/td><td><a href=\"https:\/\/piafstat.de\/wp-content\/uploads\/2021\/07\/evazva.pdf\">PDF<\/a><\/td><td>EVA (einfaktorielle Vers.-Auswertung)<br>ZVA (zweifaktorielle Vers.-Auswertung)<\/td><\/tr><tr><td><a href=\"https:\/\/piafstat.de\/wp-content\/uploads\/2021\/07\/plausi.zip\">Plausibilit\u00e4tspr\u00fcfung<\/a><\/td><td>05.08.2016<\/td><td><a href=\"https:\/\/piafstat.de\/wp-content\/uploads\/2021\/07\/plausi.pdf\">PDF<\/a><\/td><td>PLAUSI (Vorauswertung zu Auff\u00e4lligkeiten)<\/td><\/tr><\/tbody><\/table><\/figure>\n\n\n\n<h3 class=\"wp-block-heading\" id=\"hga-standard\">HGA Standard<\/h3>\n\n\n\n<p>Die Verfahren wurden f\u00fcr die 64 Bit Version von SAS mit englischer Konfiguration und f\u00fcr die 64 Bit Version von Microsoft Office entwickelt. <\/p>\n\n\n\n<figure class=\"wp-block-table is-style-regular\"><table><thead><tr><th>Bibliothek<\/th><th>Datum<\/th><th>Info<\/th><th>Beschreibung<\/th><\/tr><\/thead><tbody><tr><td><a href=\"http:\/\/piafstat.de\/wp-content\/uploads\/2024\/12\/hgm.zip\">HGM<\/a><\/td><td>13.12.2024<\/td><td><a href=\"https:\/\/piafstat.de\/wp-content\/uploads\/2024\/11\/hgm.pdf\">PDF<\/a><\/td><td>PHI (Transformation)<br>VK (Varianzkomponenten)<br>MW (Mittelwertsch\u00e4tzung)<br>DAT (externe Daten-Datei)<\/td><\/tr><\/tbody><\/table><\/figure>\n\n\n\n<h3 class=\"wp-block-heading\" id=\"hga-grunland\">HGA Gr\u00fcnland<\/h3>\n\n\n\n<p>Die Verfahren wurden f\u00fcr die 64 Bit Version von SAS mit englischer Konfiguration und f\u00fcr die 64 Bit Version von Microsoft Office entwickelt.<\/p>\n\n\n\n<figure class=\"wp-block-table is-style-regular\"><table><thead><tr><th>Bibliothek<\/th><th>Datum<\/th><th>Info<\/th><th>Beschreibung<\/th><\/tr><\/thead><tbody><tr><td><a href=\"https:\/\/piafstat.de\/wp-content\/uploads\/2021\/07\/hgagruenland.zip\">VK, MW, PHI<\/a><\/td><td>24.10.2013<\/td><td><a href=\"https:\/\/piafstat.de\/wp-content\/uploads\/2021\/07\/abschlussbericht.pdf\">PDF<\/a><\/td><td>Verfahren zur Hohenheim-G\u00fclzower Serienauswertung, angepasst f\u00fcr mehrschnittige, mehrj\u00e4hrige Kulturen<\/td><\/tr><\/tbody><\/table><\/figure>\n\n\n\n<p><\/p>\n","protected":false},"excerpt":{"rendered":"<p>Hier finden Sie die aktuellen Updates des Programms PIAFStat und der Standardverfahren zur Planung und Auswertung von landwirtschaftlichen Versuchen. PIAFStat &#8211; Programm f\u00fcr Windows Produkt Version Datum Beschreibung PIAFStat 8.03 22.10.2025 Datenanalyse landwirtschaftlicher Versuche Hinweis zum Update von PIAFStat: Stellen Sie sicher, dass mindestens die PIAFStat-Version 7.00 auf Ihrem PC installiert ist. Kopieren Sie die &hellip; <\/p>\n<p class=\"link-more\"><a href=\"https:\/\/piafstat.de\/?page_id=22\" class=\"more-link\"><span class=\"screen-reader-text\">\u201eDownload\u201c <\/span>weiterlesen<\/a><\/p>\n","protected":false},"author":1,"featured_media":0,"parent":0,"menu_order":0,"comment_status":"closed","ping_status":"closed","template":"","meta":{"footnotes":""},"class_list":["post-22","page","type-page","status-publish","hentry"],"_links":{"self":[{"href":"https:\/\/piafstat.de\/index.php?rest_route=\/wp\/v2\/pages\/22","targetHints":{"allow":["GET"]}}],"collection":[{"href":"https:\/\/piafstat.de\/index.php?rest_route=\/wp\/v2\/pages"}],"about":[{"href":"https:\/\/piafstat.de\/index.php?rest_route=\/wp\/v2\/types\/page"}],"author":[{"embeddable":true,"href":"https:\/\/piafstat.de\/index.php?rest_route=\/wp\/v2\/users\/1"}],"replies":[{"embeddable":true,"href":"https:\/\/piafstat.de\/index.php?rest_route=%2Fwp%2Fv2%2Fcomments&post=22"}],"version-history":[{"count":51,"href":"https:\/\/piafstat.de\/index.php?rest_route=\/wp\/v2\/pages\/22\/revisions"}],"predecessor-version":[{"id":205,"href":"https:\/\/piafstat.de\/index.php?rest_route=\/wp\/v2\/pages\/22\/revisions\/205"}],"wp:attachment":[{"href":"https:\/\/piafstat.de\/index.php?rest_route=%2Fwp%2Fv2%2Fmedia&parent=22"}],"curies":[{"name":"wp","href":"https:\/\/api.w.org\/{rel}","templated":true}]}}