{"id":24,"date":"2021-07-16T09:26:34","date_gmt":"2021-07-16T09:26:34","guid":{"rendered":"http:\/\/piafstat.de\/?page_id=24"},"modified":"2025-08-06T08:43:24","modified_gmt":"2025-08-06T08:43:24","slug":"faq","status":"publish","type":"page","link":"https:\/\/piafstat.de\/?page_id=24","title":{"rendered":"FAQ"},"content":{"rendered":"\n<h2 class=\"wp-block-heading\">H\u00e4ufig gestellte Fragen<\/h2>\n\n\n\n<p><strong>Die Verfahren der Hohenheim-G\u00fclzower Serienauswertung werden nicht korrekt ausgef\u00fchrt.<br><\/strong>Dieser Fehler tritt sehr h\u00e4ufig nach einer Neuinstallation von SAS in deutscher Sprache auf. Die Verfahren ben\u00f6tigen grunds\u00e4tzlich die englische SAS Konfiguration. Dazu ist in den PIAFStat-Optionen auf dem Reiter &#8218;SAS&#8216; in dem Feld &#8218;Zus\u00e4tzliche Parameter&#8216; der Verweis zur englischen SAS Konfiguration einzugeben: -CONFIG &#8222;C:\\Program Files\\SASHome\\SASFoundation\\9.4\\nls\\en\\sasv9.cfg&#8220;. Detaillierte Informationen zur englischen Konfiguration finden Sie&nbsp;<a href=\"https:\/\/piafstat.de\/wp-content\/uploads\/2021\/07\/SAS-Konfiguration-und-PIAFStat.pdf\">hier als PDF<\/a>.<strong><a href=\"#TOP\"><\/a><\/strong><\/p>\n\n\n\n<p><strong><a href=\"#TOP\"><\/a>Die Versuchskennung ist unvollst\u00e4ndig.<br><\/strong>Verwenden Sie die aktuellste PIAFStat-Version.<br>Die Variable V_KENN (Versuchskennung) ist in der aktuellsten Version vom Typ alphanumerisch mit 50 Zeichen.<\/p>\n\n\n\n<p><strong><a href=\"#TOP\"><\/a>Die Variable SCHNITT erzeugt Fehlermeldungen im SAS-Run.<br><\/strong>In der aktuellsten PIAFStat-Version wurde der Typ der Variablen SCHNITT auf numerisch ge\u00e4ndert. Wenden Sie sich an den Autor des SAS-Verfahrens.<\/p>\n\n\n\n<p><strong><a href=\"#TOP\"><\/a>Fehlermeldung beim Programmstart: Die Standard-Verfahrensbibliothek im Verzeichnis &#8222;C:\\&#8230;&#8220; konnte nicht ge\u00f6ffnet werden. PIAFStat wird beendet.<br><\/strong>Diese Meldung erscheint wenn PIAFStat in dem angegebenen Verzeichnis die Verfahrensbibliothek nicht \u00f6ffnen kann bzw. das Unterverzeichnis f\u00fcr die Verfahrensbeschreibungen ung\u00fcltig ist.<br>Stellen Sie sicher, dass im genannten Verzeichnis die Datei PIAFSTAT.VBL existiert und das Unterverzeichnis &#8222;Info&#8220; angelegt ist. Erscheint diese Fehlermeldung obwohl die Datei- und Verzeichnisstruktur dem oben genannten entspricht, so ist die Datei PIAFSTAT.VBL defekt. Ersetzen Sie diese Datei durch eine Sicherungskopie.<\/p>\n\n\n\n<p><strong><a href=\"#TOP\"><\/a>Der Hilfetext wird nicht vollst\u00e4ndig angezeigt.<br><\/strong>Dieser Fehler tritt auf wenn PIAFStat von einem Netzlaufwerk gestartet wurde und die Sicherheitseinstellungen von Windows durch ein Patch ge\u00e4ndert wurden. Es wird empfohlenden den folgenden Schl\u00fcssel in die Registry einzuf\u00fcgen:<br><br>[HKEY_LOCAL_MACHINE\\SOFTWARE\\Microsoft\\HTMLHelp\\1.x\\ItssRestrictions] &#8222;MaxAllowedZone&#8220;=dword:00000003<br><br>Ausf\u00fchrliche Informationen zur Fehlerbeseitigung finden Sie bei Microsoft bez\u00fcglich des Sicherheitsupdates KB896054.<\/p>\n\n\n\n<p><strong><a href=\"#TOP\"><\/a>In Word werden teilweise Zeilen umgebrochen<br><\/strong>Im Word-Standard mit der Schriftart SAS Monospace 8pt werden die Zeilen automatisch nach 95 Zeichen umgebrochen. In der aktuellsten PIAFStat-Version wird der rechte Rand auf 1cm gesetzt, so dass der automatische Zeilenumbruch erst nach 105 Zeichen erfolgt.&nbsp;<\/p>\n\n\n\n<p><strong><a href=\"#TOP\"><\/a>Daten-Details der EV einer A-Serie stimmen nicht mit den EV aus PIAF \u00fcberein.<br><\/strong>In einer A-Serie werden die Einzelversuche in PIAF harmonisiert, d.h. auf eine gemeinsame Serienstruktur abgebildet. Dabei k\u00f6nnen die Faktoren der Einzelversuche vertauscht und umbenannt, die Faktorstufen gemittelt, gel\u00f6scht oder hinzugenommen werden. Somit wird in der Serien-ADS&nbsp; jeder Einzelversuch in der Struktur der Serie ausgegeben und auch so in den Daten-Details angezeigt.<br>Zu beachten ist dieses bei der Verrechnung oder Tabellierung von Einzelversuchen \u00fcber die Serien-ADS. Die Verrechnung erfolgt zwar korrekt, aber die Ergebnisausgabe ist auf die Struktur der Serie ausgerichtet.&nbsp;&nbsp;<\/p>\n\n\n\n<p><strong><a href=\"#TOP\"><\/a>Informationen zu den Verfahren werden nicht angezeigt.<\/strong><br>Die Dokumentation erfolgt mit externen Dateien (z.B. PDF-Dokumente).&nbsp;Diese Dokumentationsdateien m\u00fcssen sich im Unterverzeichnis &#8222;Info&#8220; der jeweils aktivierten Verfahrensbibliothek befinden und dem Verfahren zugeordnet sein.<\/p>\n\n\n\n<p><strong><a href=\"#TOP\"><\/a>Der Wechsel zwischen den Bibliotheken (Standard\/Nutzer) wird nicht durchgef\u00fchrt.<\/strong><br>\u00dcberpr\u00fcfen Sie, ob das angegebene Verzeichnis f\u00fcr die Nutzerbibliothek (siehe Optionen\/Nutzer) mit Unterverzeichnis Info t\u00e4ts\u00e4chlich vorhanden ist.<\/p>\n\n\n\n<p><strong><a href=\"#TOP\"><\/a>Statistische Verfahren k\u00f6nnen nicht importiert werden.<\/strong><br>Kann PIAFStat keine Verfahren importieren, sind die Versionen von Programm und Verfahren nicht kompatibel.&nbsp;<br>Sie erhalten die Fehlermeldung &#8222;Der Index der Liste \u00fcberschreitet das Maximum(11)&#8220;. (eventuell steichen oder Fehlermeldung aktualisieren?)<br>Verfahren, die nicht mit PIAFStat ab Version 6.00 exportiert wurden, m\u00fcssen konvertiert werden. Kontaktieren Sie den Hersteller BioMath GmbH.<\/p>\n\n\n\n<p><strong><a href=\"#TOP\"><\/a>Statistische Verfahren k\u00f6nnen nicht bearbeitet werden.<\/strong><br>PIAFStat wird nicht als PIAFStat-Administrator ausgef\u00fchrt. Detaillierte Informationen dazu sind im Installationssatz von PIAFStat hinterlegt.<\/p>\n\n\n\n<p><strong><a href=\"#TOP\"><\/a>Dateien im tempor\u00e4ren Verzeichnis sind nicht zu finden.<\/strong><br>Im tempor\u00e4ren nutzerspezifischen Verzeichnis (Optionen\/PIAFStat) werden alle erzeugten SAS-Dateien erstellt. Ist die Option &#8222;Tempor\u00e4re SAS-Dateien l\u00f6schen&#8220; (siehe Optionen\/Nutzer) aktiviert, so werden nach Programmende diese Dateien gel\u00f6scht. Bei gesicherten Verfahren (SAS-Code gesperrt) wird das SAS-Programm PIAFStat.sas jedoch nicht erstellt.<\/p>\n\n\n\n<p><strong><a href=\"#TOP\"><\/a>Probleme beim Zugriff auf die (PIAFStat) SAS-Macro-Variablen.<br><\/strong>Die gesetzten SAS-Macro-Variablen werden gem\u00e4\u00df dem %LET-Statement (jeweils der Wert ohne Hochkommas) zugewiesen. Beispiel:<br>%LET VERFAHRENNAME = A\/B BALANCIERT;<\/p>\n\n\n\n<p>SAS-Macro-Variablen haben definitionsgem\u00e4\u00df immer Character-Werte.  Soll z.B. der Inhalt einer Macro-Variable mit Text als Inhalt (wie z.B. &amp;VERFAHRENNAME) einer SAS-Variable zuweisen werden, so muss dies innerhalb von &#8222;&#8230;&#8220; erfolgen. Also: name = &#8222;&amp;VERFAHRENNAME&#8220;;<\/p>\n\n\n\n<p><strong><a href=\"#TOP\"><\/a>Die Registrierung kann nicht durchgef\u00fchrt werden.<br><\/strong>Teilen Sie zun\u00e4chst dem Hersteller (mit dem Registrierformular) Ihre Lizenznummer mit. Diese Nummer finden Sie im Men\u00fc &#8222;Hilfe&#8220; \/ &#8222;Registrierung&#8220;. Sie bekommen daraufhin die zugeh\u00f6rige Registriernummer zugeschickt und k\u00f6nnen diese Nummer in dem oben genannten Dialog (&#8222;Registrierung&#8220;) eingeben. Die Registrierung kann nur dann erfolgreich durchgef\u00fchrt werden, wenn Sie \u00fcber Schreibrechte im Programmverzeichnis verf\u00fcgen. Wenden Sie sich gegebenenfalls an Ihren Systemadministrator.<\/p>\n","protected":false},"excerpt":{"rendered":"<p>H\u00e4ufig gestellte Fragen Die Verfahren der Hohenheim-G\u00fclzower Serienauswertung werden nicht korrekt ausgef\u00fchrt.Dieser Fehler tritt sehr h\u00e4ufig nach einer Neuinstallation von SAS in deutscher Sprache auf. Die Verfahren ben\u00f6tigen grunds\u00e4tzlich die englische SAS Konfiguration. Dazu ist in den PIAFStat-Optionen auf dem Reiter &#8218;SAS&#8216; in dem Feld &#8218;Zus\u00e4tzliche Parameter&#8216; der Verweis zur englischen SAS Konfiguration einzugeben: -CONFIG &hellip; <\/p>\n<p class=\"link-more\"><a href=\"https:\/\/piafstat.de\/?page_id=24\" class=\"more-link\"><span class=\"screen-reader-text\">\u201eFAQ\u201c <\/span>weiterlesen<\/a><\/p>\n","protected":false},"author":1,"featured_media":0,"parent":0,"menu_order":0,"comment_status":"closed","ping_status":"closed","template":"","meta":{"footnotes":""},"class_list":["post-24","page","type-page","status-publish","hentry"],"_links":{"self":[{"href":"https:\/\/piafstat.de\/index.php?rest_route=\/wp\/v2\/pages\/24","targetHints":{"allow":["GET"]}}],"collection":[{"href":"https:\/\/piafstat.de\/index.php?rest_route=\/wp\/v2\/pages"}],"about":[{"href":"https:\/\/piafstat.de\/index.php?rest_route=\/wp\/v2\/types\/page"}],"author":[{"embeddable":true,"href":"https:\/\/piafstat.de\/index.php?rest_route=\/wp\/v2\/users\/1"}],"replies":[{"embeddable":true,"href":"https:\/\/piafstat.de\/index.php?rest_route=%2Fwp%2Fv2%2Fcomments&post=24"}],"version-history":[{"count":14,"href":"https:\/\/piafstat.de\/index.php?rest_route=\/wp\/v2\/pages\/24\/revisions"}],"predecessor-version":[{"id":201,"href":"https:\/\/piafstat.de\/index.php?rest_route=\/wp\/v2\/pages\/24\/revisions\/201"}],"wp:attachment":[{"href":"https:\/\/piafstat.de\/index.php?rest_route=%2Fwp%2Fv2%2Fmedia&parent=24"}],"curies":[{"name":"wp","href":"https:\/\/api.w.org\/{rel}","templated":true}]}}