{"id":9,"date":"2021-07-16T09:08:45","date_gmt":"2021-07-16T09:08:45","guid":{"rendered":"http:\/\/piafstat.de\/?page_id=9"},"modified":"2025-08-06T08:40:55","modified_gmt":"2025-08-06T08:40:55","slug":"piafstat","status":"publish","type":"page","link":"https:\/\/piafstat.de\/","title":{"rendered":"Home"},"content":{"rendered":"\n<h2 class=\"wp-block-heading\">PiafStat &#8211; statistische Datenanalyse landwirtschaftlicher Versuche&nbsp; <\/h2>\n\n\n\n<p>Bei routinem\u00e4\u00dfigen statistischen Auswertungen mit SAS bzw. R ist es sehr oft notwendig die Auswertungsverfahren an die Daten anzupassen. Diese Anpassungen erfolgen in der Regel manuell.<\/p>\n\n\n\n<p><strong>PIAFStat<\/strong>&nbsp;ist in der Lage statistische Auswertungsverfahren so zu organisieren, dass die Anpassungen an die Daten&nbsp; automatisch durchgef\u00fchrt werden.&nbsp;&nbsp;<\/p>\n\n\n\n<p><strong>PIAFStat<\/strong>\u00a0ist sowohl ein\u00a0<strong>Anwendungsprogramm<\/strong>\u00a0als auch ein\u00a0<strong>Entwicklungswerkzeug<\/strong>\u00a0f\u00fcr statistische Auswertungen in SAS bzw. in R.<\/p>\n\n\n\n<figure class=\"wp-block-image size-large\"><img loading=\"lazy\" decoding=\"async\" width=\"1024\" height=\"402\" src=\"http:\/\/piafstat.de\/wp-content\/uploads\/2025\/08\/Grafiken02-1024x402.jpg\" alt=\"PIAFStat Schema\" class=\"wp-image-195\" srcset=\"https:\/\/piafstat.de\/wp-content\/uploads\/2025\/08\/Grafiken02-1024x402.jpg 1024w, https:\/\/piafstat.de\/wp-content\/uploads\/2025\/08\/Grafiken02-300x118.jpg 300w, https:\/\/piafstat.de\/wp-content\/uploads\/2025\/08\/Grafiken02-768x302.jpg 768w, https:\/\/piafstat.de\/wp-content\/uploads\/2025\/08\/Grafiken02-1536x603.jpg 1536w, https:\/\/piafstat.de\/wp-content\/uploads\/2025\/08\/Grafiken02.jpg 1752w\" sizes=\"auto, (max-width: 706px) 89vw, (max-width: 767px) 82vw, 740px\" \/><\/figure>\n\n\n\n<p>Die einzelnen Verfahren der Bibliothek sind SAS- bzw. R-Programme mit zus\u00e4tzlichen syntaktischen Elementen. Mit diesen Elementen k\u00f6nnen die Verfahren unabh\u00e4ngig von den konkreten Daten entwickelt werden. Erst durch die automatische Zuordnung der vorhandenen Daten zum Verfahren wird ein lauff\u00e4higes SAS- bzw. R-Programm durch PIAFStat erzeugt und SAS bzw. R gesteuert.<\/p>\n\n\n\n<hr class=\"wp-block-separator has-css-opacity is-style-wide\"\/>\n\n\n\n<p>Ausf\u00fchrliche Produktinformationen erhalten Sie bei:<\/p>\n\n\n\n<p><strong><a aria-label=\" (\u00f6ffnet in neuem Tab)\" href=\"https:\/\/www.biomath.de\" target=\"_blank\" rel=\"noreferrer noopener\">BioMath GmbH<\/a><br><\/strong>Eppendorfer Weg 255<br>20251 Hamburg<\/p>\n\n\n\n<figure class=\"wp-block-table alignleft\"><table><tbody><tr><td><strong>Tel:&nbsp;<\/strong><\/td><td><a href=\"tel:+494057245541\">+49 40 57245541<\/a><\/td><\/tr><tr><td><strong>E-Mail:<\/strong><\/td><td><a href=\"mailto:central@biomath.de\">central@biomath.de<\/a><\/td><\/tr><\/tbody><\/table><\/figure>\n","protected":false},"excerpt":{"rendered":"<p>PiafStat &#8211; statistische Datenanalyse landwirtschaftlicher Versuche&nbsp; Bei routinem\u00e4\u00dfigen statistischen Auswertungen mit SAS bzw. R ist es sehr oft notwendig die Auswertungsverfahren an die Daten anzupassen. Diese Anpassungen erfolgen in der Regel manuell. PIAFStat&nbsp;ist in der Lage statistische Auswertungsverfahren so zu organisieren, dass die Anpassungen an die Daten&nbsp; automatisch durchgef\u00fchrt werden.&nbsp;&nbsp; PIAFStat\u00a0ist sowohl ein\u00a0Anwendungsprogramm\u00a0als auch ein\u00a0Entwicklungswerkzeug\u00a0f\u00fcr &hellip; <\/p>\n<p class=\"link-more\"><a href=\"https:\/\/piafstat.de\/\" class=\"more-link\"><span class=\"screen-reader-text\">\u201eHome\u201c <\/span>weiterlesen<\/a><\/p>\n","protected":false},"author":1,"featured_media":0,"parent":0,"menu_order":0,"comment_status":"closed","ping_status":"closed","template":"","meta":{"footnotes":""},"class_list":["post-9","page","type-page","status-publish","hentry"],"_links":{"self":[{"href":"https:\/\/piafstat.de\/index.php?rest_route=\/wp\/v2\/pages\/9","targetHints":{"allow":["GET"]}}],"collection":[{"href":"https:\/\/piafstat.de\/index.php?rest_route=\/wp\/v2\/pages"}],"about":[{"href":"https:\/\/piafstat.de\/index.php?rest_route=\/wp\/v2\/types\/page"}],"author":[{"embeddable":true,"href":"https:\/\/piafstat.de\/index.php?rest_route=\/wp\/v2\/users\/1"}],"replies":[{"embeddable":true,"href":"https:\/\/piafstat.de\/index.php?rest_route=%2Fwp%2Fv2%2Fcomments&post=9"}],"version-history":[{"count":14,"href":"https:\/\/piafstat.de\/index.php?rest_route=\/wp\/v2\/pages\/9\/revisions"}],"predecessor-version":[{"id":196,"href":"https:\/\/piafstat.de\/index.php?rest_route=\/wp\/v2\/pages\/9\/revisions\/196"}],"wp:attachment":[{"href":"https:\/\/piafstat.de\/index.php?rest_route=%2Fwp%2Fv2%2Fmedia&parent=9"}],"curies":[{"name":"wp","href":"https:\/\/api.w.org\/{rel}","templated":true}]}}